{"id":2,"date":"2024-12-01T09:59:52","date_gmt":"2024-12-01T08:59:52","guid":{"rendered":"http:\/\/xy-devices.pl\/?page_id=2"},"modified":"2024-12-02T18:27:48","modified_gmt":"2024-12-02T17:27:48","slug":"przykladowa-strona","status":"publish","type":"page","link":"https:\/\/xy-devices.pl\/?page_id=2","title":{"rendered":"O nas"},"content":{"rendered":"\n<p>Firma specjalizuj\u0105ca si\u0119 w tworzeniu i udoskonalaniu zaawansowanej elektroniki i oprogramowania dla system\u00f3w radionamierzania sygna\u0142\u00f3w radiowych, system\u00f3w telemetrycznych, teledetekcyjnych, radiowych, komunikacyjnych, analizator\u00f3w i system\u00f3w akwizycji sygna\u0142\u00f3w. Ponadto, firma specjalizuje si\u0119 w opracowaniu nowych algorytm\u00f3w przetwarzania sygna\u0142\u00f3w i implementacji ich na specjalistycznych platformach programowych. Prowadzi tak\u017ce prace polegaj\u0105ce na modyfikacji ju\u017c istniej\u0105cego sprz\u0119tu poprawiaj\u0105c jego parametry techniczne, ale tak\u017ce nadaj\u0105c mu nowe zdolno\u015bci i funkcjonalno\u015bci.<\/p>\n\n\n\n<figure class=\"wp-block-image alignwide size-full is-style-rounded\"><img loading=\"lazy\" decoding=\"async\" width=\"1280\" height=\"904\" src=\"http:\/\/xy-devices.pl\/wp-content\/uploads\/2024\/12\/plytka-1.jpg\" alt=\"\" class=\"wp-image-74\" srcset=\"https:\/\/xy-devices.pl\/wp-content\/uploads\/2024\/12\/plytka-1.jpg 1280w, https:\/\/xy-devices.pl\/wp-content\/uploads\/2024\/12\/plytka-1-300x212.jpg 300w, https:\/\/xy-devices.pl\/wp-content\/uploads\/2024\/12\/plytka-1-1024x723.jpg 1024w, https:\/\/xy-devices.pl\/wp-content\/uploads\/2024\/12\/plytka-1-768x542.jpg 768w\" sizes=\"auto, (max-width: 1280px) 100vw, 1280px\" \/><\/figure>\n","protected":false},"excerpt":{"rendered":"<p>Firma specjalizuj\u0105ca si\u0119 w tworzeniu i udoskonalaniu zaawansowanej elektroniki i oprogramowania dla system\u00f3w radionamierzania sygna\u0142\u00f3w radiowych, system\u00f3w telemetrycznych, teledetekcyjnych, radiowych, komunikacyjnych, analizator\u00f3w i system\u00f3w akwizycji sygna\u0142\u00f3w. Ponadto, firma specjalizuje si\u0119 w opracowaniu nowych algorytm\u00f3w przetwarzania sygna\u0142\u00f3w i implementacji ich na specjalistycznych platformach programowych. Prowadzi tak\u017ce prace polegaj\u0105ce na modyfikacji ju\u017c istniej\u0105cego sprz\u0119tu poprawiaj\u0105c jego parametry [&hellip;]<\/p>\n","protected":false},"author":1,"featured_media":0,"parent":0,"menu_order":0,"comment_status":"closed","ping_status":"open","template":"","meta":{"footnotes":""},"class_list":["post-2","page","type-page","status-publish","hentry"],"_links":{"self":[{"href":"https:\/\/xy-devices.pl\/index.php?rest_route=\/wp\/v2\/pages\/2","targetHints":{"allow":["GET"]}}],"collection":[{"href":"https:\/\/xy-devices.pl\/index.php?rest_route=\/wp\/v2\/pages"}],"about":[{"href":"https:\/\/xy-devices.pl\/index.php?rest_route=\/wp\/v2\/types\/page"}],"author":[{"embeddable":true,"href":"https:\/\/xy-devices.pl\/index.php?rest_route=\/wp\/v2\/users\/1"}],"replies":[{"embeddable":true,"href":"https:\/\/xy-devices.pl\/index.php?rest_route=%2Fwp%2Fv2%2Fcomments&post=2"}],"version-history":[{"count":3,"href":"https:\/\/xy-devices.pl\/index.php?rest_route=\/wp\/v2\/pages\/2\/revisions"}],"predecessor-version":[{"id":77,"href":"https:\/\/xy-devices.pl\/index.php?rest_route=\/wp\/v2\/pages\/2\/revisions\/77"}],"wp:attachment":[{"href":"https:\/\/xy-devices.pl\/index.php?rest_route=%2Fwp%2Fv2%2Fmedia&parent=2"}],"curies":[{"name":"wp","href":"https:\/\/api.w.org\/{rel}","templated":true}]}}